{"id":2759,"date":"2024-06-02T22:32:23","date_gmt":"2024-06-02T20:32:23","guid":{"rendered":"https:\/\/ra-arbeitsrecht.de\/pie-de-imprenta-2\/"},"modified":"2024-06-30T15:48:14","modified_gmt":"2024-06-30T13:48:14","slug":"pie-de-imprenta-2","status":"publish","type":"page","link":"https:\/\/www.ra-arbeitsrecht.de\/es\/pie-de-imprenta-2\/","title":{"rendered":"Pie de imprenta"},"content":{"rendered":"\n<p><\/p>\n\n<h3 class=\"wp-block-heading has-medium-font-size\">Abogado Klaus Ga\u00dfmann<\/h3>\n\n<p>Frankfurter Stra\u00dfe 26<br\/>64293 Darmstadt<br\/><br\/>Tel\u00e9fono: +49 (06151) 27319-80<br\/>Fax: +49 (06151) 27319-82<br\/>Correo electr\u00f3nico: <a href=\"mailto:kontakt@ra-arbeitsrecht.de\">kontakt@ra-arbeitsrecht.de<\/a><br\/><br\/>CIF: DE197924145<\/p>\n\n<p>Abogado de derecho alem\u00e1n, con t\u00edtulo profesional y autorizado por el Colegio de Abogados de Fr\u00e1ncfort del Meno, que es tambi\u00e9n la autoridad de control competente.<\/p>\n\n<p>Sigue el enlace a la p\u00e1gina web del Colegio Federal de Abogados de Alemania<a href=\"https:\/\/brak.de\/\" target=\"_blank\" rel=\"noreferrer noopener\">(www.brak.de)<\/a>. All\u00ed encontrar\u00e1s las normas profesionales que se describen a continuaci\u00f3n:<\/p>\n\n<ul class=\"wp-block-list\">\n<li>C\u00f3digo de conducta profesional de los abogados (BORA)<\/li>\n\n\n\n<li>Reglamento del abogado especialista (FaO)<\/li>\n\n\n\n<li>Ley Federal de Abogados (BRAO)<\/li>\n\n\n\n<li>Ley de honorarios de abogados (RVG)<\/li>\n<\/ul>\n\n<p>as\u00ed como m\u00e1s informaci\u00f3n sobre el ejercicio profesional de los abogados.<\/p>\n\n<p><strong>Informaci\u00f3n sobre el seguro de responsabilidad civil profesional de acuerdo con \u00a7 2 p\u00e1rr. 1 N\u00ba 11 DL-InfoV<\/strong><\/p>\n\n<p>Aseguradora: Zurich Seguros, Poppelsdorfer Allee 25-33 53115 Bonn<br\/>\u00c1mbito territorial: Rep\u00fablica Federal de Alemania<br\/><\/p>\n\n<p>Nota: Este sitio web se ha elaborado con el mayor cuidado posible. No obstante, no puede garantizarse la exactitud y precisi\u00f3n de la informaci\u00f3n aqu\u00ed contenida. Queda excluida cualquier responsabilidad por da\u00f1os derivados directa o indirectamente del uso de este sitio web, salvo que se basen en dolo o negligencia grave. Si este sitio web hace referencia a sitios web gestionados por terceros, no aceptamos ninguna responsabilidad por su contenido.<\/p>\n\n<p>Se hace referencia a la plataforma de la UE para la resoluci\u00f3n extrajudicial de litigios en l\u00ednea: <a href=\"http:\/\/ec.europa.eu\/consumers\/odr\/\" target=\"_blank\" rel=\"noopener\">http:\/\/ec.europa.eu\/consumers\/odr\/<\/a>.<br\/>En caso de litigio entre un abogado y un consumidor, se remite al centro de arbitraje competente de la abogac\u00eda, Neue Gr\u00fcnstra\u00dfe 17, 10179 Berl\u00edn, <a href=\"https:\/\/www.ra-gassmann.de\/www.s-d-r.org\" target=\"_blank\" rel=\"noopener\">www.s-d-r.org.<\/a>  Los abogados est\u00e1n dispuestos a participar en la mediaci\u00f3n.<\/p>\n\n<p><strong>Concepto, dise\u00f1o, realizaci\u00f3n<\/strong><br\/>Florian Held, correo electr\u00f3nico: <a href=\"mailto:flori@nheld.de\">flori@nheld.de<\/a><\/p>\n\n<p><\/p>\n","protected":false},"excerpt":{"rendered":"<p>Abogado Klaus Ga\u00dfmann Frankfurter Stra\u00dfe 2664293 Darmstadt Tel\u00e9fono: +49 (06151) 27319-80Fax: +49 (06151) 27319-82Correo electr\u00f3nico: kontakt@ra-arbeitsrecht.de CIF: DE197924145 Abogado de derecho alem\u00e1n, con t\u00edtulo profesional y autorizado por el Colegio de Abogados de Fr\u00e1ncfort del Meno, que es tambi\u00e9n la autoridad de control competente. Sigue el enlace a la p\u00e1gina web del Colegio Federal de [&hellip;]<\/p>\n","protected":false},"author":1,"featured_media":0,"parent":0,"menu_order":0,"comment_status":"closed","ping_status":"closed","template":"","meta":{"_et_pb_use_builder":"off","_et_pb_old_content":"","_et_gb_content_width":"","footnotes":""},"class_list":["post-2759","page","type-page","status-publish","hentry"],"_links":{"self":[{"href":"https:\/\/www.ra-arbeitsrecht.de\/es\/wp-json\/wp\/v2\/pages\/2759","targetHints":{"allow":["GET"]}}],"collection":[{"href":"https:\/\/www.ra-arbeitsrecht.de\/es\/wp-json\/wp\/v2\/pages"}],"about":[{"href":"https:\/\/www.ra-arbeitsrecht.de\/es\/wp-json\/wp\/v2\/types\/page"}],"author":[{"embeddable":true,"href":"https:\/\/www.ra-arbeitsrecht.de\/es\/wp-json\/wp\/v2\/users\/1"}],"replies":[{"embeddable":true,"href":"https:\/\/www.ra-arbeitsrecht.de\/es\/wp-json\/wp\/v2\/comments?post=2759"}],"version-history":[{"count":10,"href":"https:\/\/www.ra-arbeitsrecht.de\/es\/wp-json\/wp\/v2\/pages\/2759\/revisions"}],"predecessor-version":[{"id":2898,"href":"https:\/\/www.ra-arbeitsrecht.de\/es\/wp-json\/wp\/v2\/pages\/2759\/revisions\/2898"}],"wp:attachment":[{"href":"https:\/\/www.ra-arbeitsrecht.de\/es\/wp-json\/wp\/v2\/media?parent=2759"}],"curies":[{"name":"wp","href":"https:\/\/api.w.org\/{rel}","templated":true}]}}