{"id":2373,"date":"2018-05-08T18:25:56","date_gmt":"2018-05-08T16:25:56","guid":{"rendered":"https:\/\/ra-arbeitsrecht.de\/sobre-nosotros\/"},"modified":"2024-07-24T00:06:51","modified_gmt":"2024-07-23T22:06:51","slug":"sobre-nosotros","status":"publish","type":"page","link":"https:\/\/www.ra-arbeitsrecht.de\/es\/sobre-nosotros\/","title":{"rendered":"Sobre nosotros"},"content":{"rendered":"<p>[et_pb_section fb_built=\u00bb1&#8243; fullwidth=\u00bbon\u00bb _builder_version=\u00bb4.16&#8243; global_colors_info=\u00bb{}\u00bb][et_pb_fullwidth_header title=\u00bbSobre nosotros\u00bb text_orientation=\u00bbcenter\u00bb module_id=\u00bbinner-header\u00bb _builder_version=\u00bb4.22.1&#8243; title_font_size=\u00bb65px\u00bb title_line_height=\u00bb1.3&#8243; content_font=\u00bb|300|||||||\u00bb content_font_size=\u00bb27px\u00bb content_line_height=\u00bb1.3&#8243; background_color=\u00bb#4c4c4c\u00bb background_image=\u00bbhttps:\/\/ra-arbeitsrecht.de\/wp-content\/uploads\/2024\/05\/ueber-uns-banner.jpg\u00bb background_blend=\u00bbsoft-light\u00bb custom_button_one=\u00bbon\u00bb button_one_text_size=\u00bb14&#8243; button_one_text_color=\u00bb#ffffff\u00bb button_one_bg_color=\u00bb#dd5151&#8243; button_one_use_icon=\u00bboff\u00bb custom_button_two=\u00bbon\u00bb button_two_text_size=\u00bb14&#8243; button_two_text_color=\u00bb#dd5151&#8243; button_two_bg_color=\u00bb#ffffff\u00bb button_two_use_icon=\u00bboff\u00bb custom_padding=\u00bb150px||150px|\u00bb title_font_size_tablet=\u00bb55px\u00bb title_font_size_phone=\u00bb45px\u00bb title_font_size_last_edited=\u00bbon|phone\u00bb content_font_size_tablet=\u00bb\u00bb content_font_size_phone=\u00bb20px\u00bb content_font_size_last_edited=\u00bbon|phone\u00bb global_colors_info=\u00bb{}\u00bb button_one_text_size__hover_enabled=\u00bboff\u00bb button_two_text_size__hover_enabled=\u00bboff\u00bb button_one_text_color__hover_enabled=\u00bboff\u00bb button_two_text_color__hover_enabled=\u00bboff\u00bb button_one_border_width__hover_enabled=\u00bboff\u00bb button_two_border_width__hover_enabled=\u00bboff\u00bb button_one_border_color__hover_enabled=\u00bboff\u00bb button_two_border_color__hover_enabled=\u00bboff\u00bb button_one_border_radius__hover_enabled=\u00bboff\u00bb button_two_border_radius__hover_enabled=\u00bboff\u00bb button_one_letter_spacing__hover_enabled=\u00bboff\u00bb button_two_letter_spacing__hover_enabled=\u00bboff\u00bb button_one_bg_color__hover_enabled=\u00bboff\u00bb button_two_bg_color__hover_enabled=\u00bboff\u00bb]<span style=\"color: #ffffff;\">M\u00e1s informaci\u00f3n sobre mi bufete de abogados laboralistas.<\/span>[\/et_pb_fullwidth_header][\/et_pb_section][et_pb_section fb_built=\u00bb1&#8243; _builder_version=\u00bb4.22.1&#8243; background_color=\u00bb#f6f6f6&#8243; global_colors_info=\u00bb{}\u00bb][et_pb_row _builder_version=\u00bb4.16&#8243; background_size=\u00bbinitial\u00bb background_position=\u00bbtop_left\u00bb background_repeat=\u00bbrepeat\u00bb global_colors_info=\u00bb{}\u00bb][et_pb_column type=\u00bb4_4&#8243; _builder_version=\u00bb4.16&#8243; custom_padding=\u00bb|||\u00bb global_colors_info=\u00bb{}\u00bb custom_padding__hover=\u00bb|||\u00bb][et_pb_text _builder_version=\u00bb4.22.1&#8243; header_2_text_color=\u00bb#291900&#8243; global_colors_info=\u00bb{}\u00bb]<\/p>\n<h2 class=\"underline\">Mis mandatos<\/h2>\n<p>[\/et_pb_text][\/et_pb_column][\/et_pb_row][et_pb_row column_structure=\u00bb1_2,1_2&#8243; _builder_version=\u00bb4.22.1&#8243; background_size=\u00bbinitial\u00bb background_position=\u00bbtop_left\u00bb background_repeat=\u00bbrepeat\u00bb global_colors_info=\u00bb{}\u00bb][et_pb_column type=\u00bb1_2&#8243; _builder_version=\u00bb4.16&#8243; custom_padding=\u00bb|||\u00bb global_colors_info=\u00bb{}\u00bb custom_padding__hover=\u00bb|||\u00bb][et_pb_circle_counter title=\u00bbDerecho laboral\u00bb number=\u00bb80&#8243; _builder_version=\u00bb4.22.1&#8243; title_font=\u00bb|300|||||||\u00bb title_text_color=\u00bb#291900&#8243; title_font_size=\u00bb27&#8243; number_text_color=\u00bb#a28d74&#8243; custom_css_circle_counter_title=\u00bbfont-weight:400!important;\u00bb global_colors_info=\u00bb{}\u00bb][\/et_pb_circle_counter][\/et_pb_column][et_pb_column type=\u00bb1_2&#8243; _builder_version=\u00bb4.16&#8243; custom_padding=\u00bb|||\u00bb global_colors_info=\u00bb{}\u00bb custom_padding__hover=\u00bb|||\u00bb][et_pb_circle_counter title=\u00bbOtros \u00e1mbitos del derecho\u00bb number=\u00bb20&#8243; _builder_version=\u00bb4.22.1&#8243; title_font=\u00bb|300|||||||\u00bb title_text_color=\u00bb#291900&#8243; title_font_size=\u00bb27&#8243; number_text_color=\u00bb#a28d74&#8243; custom_css_circle_counter_title=\u00bbfont-weight:400!important;\u00bb global_colors_info=\u00bb{}\u00bb][\/et_pb_circle_counter][\/et_pb_column][\/et_pb_row][\/et_pb_section][et_pb_section fb_built=\u00bb1&#8243; module_id=\u00bbnuestros-abogados\u00bb _builder_version=\u00bb4.16&#8243; global_colors_info=\u00bb{}\u00bb][et_pb_row _builder_version=\u00bb4.16&#8243; background_size=\u00bbinitial\u00bb background_position=\u00bbtop_left\u00bb background_repeat=\u00bbrepeat\u00bb global_colors_info=\u00bb{}\u00bb][et_pb_column type=\u00bb4_4&#8243; _builder_version=\u00bb4.16&#8243; custom_padding=\u00bb|||\u00bb global_colors_info=\u00bb{}\u00bb custom_padding__hover=\u00bb|||\u00bb][et_pb_text _builder_version=\u00bb4.22.1&#8243; header_2_text_color=\u00bb#291900&#8243; global_colors_info=\u00bb{}\u00bb]<\/p>\n<h2 class=\"underline\">Personas<\/h2>\n<p>[\/et_pb_text][\/et_pb_column][\/et_pb_row][et_pb_row column_structure=\u00bb1_3,1_3,1_3&#8243; _builder_version=\u00bb4.22.1&#8243; background_size=\u00bbinitial\u00bb background_position=\u00bbtop_left\u00bb background_repeat=\u00bbrepeat\u00bb width=\u00bb69%\u00bb module_alignment=\u00bbcenter\u00bb animation_style=\u00bbfold\u00bb global_colors_info=\u00bb{}\u00bb][et_pb_column type=\u00bb1_3&#8243; _builder_version=\u00bb4.22.1&#8243; custom_padding=\u00bb|||\u00bb global_colors_info=\u00bb{}\u00bb custom_padding__hover=\u00bb|||\u00bb][et_pb_team_member name=\u00bbKlaus Ga\u00dfmann\u00bb position=\u00bbAbogado &#8211; Abogado especialista en derecho laboral\u00bb image_url=\u00bbhttps:\/\/ra-arbeitsrecht.de\/wp-content\/uploads\/2024\/05\/ueber-kanzlei-fuer-arbeitsrecht-klaus-gassmann.jpg\u00bb _builder_version=\u00bb4.22.1&#8243; header_text_color=\u00bb#291900&#8243; background_color=\u00bb#A28D74&#8243; text_orientation=\u00bbcenter\u00bb global_colors_info=\u00bb{}\u00bb]<\/p>\n<p><em>Nacido en 1968, colegiado en 1998 y habilitado para utilizar el t\u00edtulo de \u00abAbogado Especialista en Derecho Laboral\u00bb desde 2001.<\/em><\/p>\n<p>Klaus Ga\u00dfmann est\u00e1 habilitado para utilizar el t\u00edtulo de \u00abAbogado Especialista en Derecho Laboral<span>\u00bb <\/span>desde 2001. Antes de fundar su propio bufete en 2003, trabaj\u00f3 como abogado en un bufete especializado en derecho laboral y mercantil de 1998 a 2003.<\/p>\n<p>Durante sus estudios en la Universidad Johannes-Gutenberg de Maguncia y sus pr\u00e1cticas jur\u00eddicas en el Tribunal Regional de Darmstadt, se especializ\u00f3 en cuestiones de Derecho laboral y Derecho mercantil. Paralelamente a sus estudios, tambi\u00e9n adquiri\u00f3 una experiencia profesional relevante como ayudante del departamento de RRHH en una empresa mediana, gestionada posteriormente por una empresa estadounidense.<\/p>\n<p>Gracias a unas pr\u00e1cticas en un bufete de abogados de Buffalo (Nueva York) y a estancias peri\u00f3dicas en Sudam\u00e9rica, adquiri\u00f3 conocimientos de lenguas extranjeras y de interculturalidad. Adem\u00e1s de su trabajo como abogado, el Sr. Ga\u00dfmann imparte seminarios y conferencias sobre temas de Derecho laboral e imparte cursos de formaci\u00f3n en empresas.<\/p>\n<p>[\/et_pb_team_member][\/et_pb_column][et_pb_column type=\u00bb1_3&#8243; _builder_version=\u00bb4.22.1&#8243; _module_preset=\u00bbdefault\u00bb global_colors_info=\u00bb{}\u00bb][\/et_pb_column][et_pb_column type=\u00bb1_3&#8243; _builder_version=\u00bb4.16&#8243; custom_padding=\u00bb|||\u00bb global_colors_info=\u00bb{}\u00bb custom_padding__hover=\u00bb|||\u00bb][et_pb_team_member name=\u00bbNadine Aktepe\u00bb position=\u00bbAsistente de oficina jur\u00eddica\u00bb image_url=\u00bbhttps:\/\/ra-arbeitsrecht.de\/wp-content\/uploads\/2024\/05\/ueber-kanzlei-fuer-arbeitsrecht-gassmann-rechtskanzleiassistentin-nadine-aktepe.jpg\u00bb _builder_version=\u00bb4.22.1&#8243; header_text_color=\u00bb#291900&#8243; background_color=\u00bb#A28D74&#8243; text_orientation=\u00bbcenter\u00bb global_colors_info=\u00bb{}\u00bb]<\/p>\n<p><span>Desde 2003, la Sra. Aktepe est\u00e1 disponible para citas puntuales y como persona de contacto para todos los asuntos organizativos y cuestiones de estado.<\/span><\/p>\n<p>[\/et_pb_team_member][\/et_pb_column][\/et_pb_row][\/et_pb_section]<\/p>\n","protected":false},"excerpt":{"rendered":"<p>M\u00e1s informaci\u00f3n sobre mi bufete de abogados laboralistas.Mis mandatosPersonasNacido en 1968, colegiado en 1998 y habilitado para utilizar el t\u00edtulo de \u00abAbogado Especialista en Derecho Laboral\u00bb desde 2001. Klaus Ga\u00dfmann est\u00e1 habilitado para utilizar el t\u00edtulo de \u00abAbogado Especialista en Derecho Laboral\u00bb desde 2001. Antes de fundar su propio bufete en 2003, trabaj\u00f3 como abogado [&hellip;]<\/p>\n","protected":false},"author":4,"featured_media":0,"parent":0,"menu_order":0,"comment_status":"closed","ping_status":"closed","template":"","meta":{"_et_pb_use_builder":"on","_et_pb_old_content":"","_et_gb_content_width":"","footnotes":""},"class_list":["post-2373","page","type-page","status-publish","hentry"],"_links":{"self":[{"href":"https:\/\/www.ra-arbeitsrecht.de\/es\/wp-json\/wp\/v2\/pages\/2373","targetHints":{"allow":["GET"]}}],"collection":[{"href":"https:\/\/www.ra-arbeitsrecht.de\/es\/wp-json\/wp\/v2\/pages"}],"about":[{"href":"https:\/\/www.ra-arbeitsrecht.de\/es\/wp-json\/wp\/v2\/types\/page"}],"author":[{"embeddable":true,"href":"https:\/\/www.ra-arbeitsrecht.de\/es\/wp-json\/wp\/v2\/users\/4"}],"replies":[{"embeddable":true,"href":"https:\/\/www.ra-arbeitsrecht.de\/es\/wp-json\/wp\/v2\/comments?post=2373"}],"version-history":[{"count":10,"href":"https:\/\/www.ra-arbeitsrecht.de\/es\/wp-json\/wp\/v2\/pages\/2373\/revisions"}],"predecessor-version":[{"id":2948,"href":"https:\/\/www.ra-arbeitsrecht.de\/es\/wp-json\/wp\/v2\/pages\/2373\/revisions\/2948"}],"wp:attachment":[{"href":"https:\/\/www.ra-arbeitsrecht.de\/es\/wp-json\/wp\/v2\/media?parent=2373"}],"curies":[{"name":"wp","href":"https:\/\/api.w.org\/{rel}","templated":true}]}}